{"id":74,"date":"2024-12-21T12:40:11","date_gmt":"2024-12-21T12:40:11","guid":{"rendered":"https:\/\/happy-nobel.194-56-190-89.plesk.page\/?page_id=74"},"modified":"2024-12-29T16:59:14","modified_gmt":"2024-12-29T16:59:14","slug":"angebot","status":"publish","type":"page","link":"https:\/\/happy-nobel.194-56-190-89.plesk.page\/?page_id=74","title":{"rendered":"Angebot"},"content":{"rendered":"<p>[et_pb_section fb_built=&#8220;1&#8243; admin_label=&#8220;Header&#8220; _builder_version=&#8220;4.21.0&#8243; _module_preset=&#8220;default&#8220; background_enable_color=&#8220;off&#8220; custom_padding=&#8220;||0px||false|false&#8220; locked=&#8220;off&#8220; collapsed=&#8220;on&#8220; global_colors_info=&#8220;{}&#8220;][et_pb_row _builder_version=&#8220;4.21.0&#8243; _module_preset=&#8220;default&#8220; max_width=&#8220;800px&#8220; global_colors_info=&#8220;{}&#8220;][et_pb_column type=&#8220;4_4&#8243; _builder_version=&#8220;4.21.0&#8243; _module_preset=&#8220;default&#8220; global_colors_info=&#8220;{}&#8220;][et_pb_text _builder_version=&#8220;4.21.0&#8243; _module_preset=&#8220;51e985de-6fa8-4491-ad0c-15197faec6ca&#8220; text_orientation=&#8220;center&#8220; locked=&#8220;off&#8220; global_colors_info=&#8220;{}&#8220;]<\/p>\n<h1>Reitunterricht<\/h1>\n<p>[\/et_pb_text][et_pb_text _builder_version=&#8220;4.17.4&#8243; _module_preset=&#8220;d10ee8f7-83db-4d8e-91c6-59e32da252db&#8220; text_orientation=&#8220;center&#8220; custom_margin=&#8220;||30px||false|false&#8220; locked=&#8220;off&#8220; global_colors_info=&#8220;{}&#8220;]<\/p>\n<h4>Lernerfolg durch Reiten<\/h4>\n<p>[\/et_pb_text][\/et_pb_column][\/et_pb_row][et_pb_row _builder_version=&#8220;4.21.0&#8243; _module_preset=&#8220;default&#8220; global_colors_info=&#8220;{}&#8220;][et_pb_column type=&#8220;4_4&#8243; _builder_version=&#8220;4.21.0&#8243; _module_preset=&#8220;default&#8220; global_colors_info=&#8220;{}&#8220;][et_pb_image src=&#8220;https:\/\/happy-nobel.194-56-190-89.plesk.page\/wp-content\/uploads\/2024\/12\/Bild_2024-12-21_135036877.png&#8220; title_text=&#8220;Bild_2024-12-21_135036877&#8243; align=&#8220;center&#8220; _builder_version=&#8220;4.17.4&#8243; _module_preset=&#8220;default&#8220; global_colors_info=&#8220;{}&#8220;][\/et_pb_image][\/et_pb_column][\/et_pb_row][\/et_pb_section][et_pb_section fb_built=&#8220;1&#8243; admin_label=&#8220;Course Overview&#8220; _builder_version=&#8220;4.21.0&#8243; _module_preset=&#8220;default&#8220; background_enable_color=&#8220;off&#8220; locked=&#8220;off&#8220; collapsed=&#8220;on&#8220; global_colors_info=&#8220;{}&#8220;][et_pb_row column_structure=&#8220;2_3,1_3&#8243; _builder_version=&#8220;4.21.0&#8243; _module_preset=&#8220;default&#8220; global_colors_info=&#8220;{}&#8220;][et_pb_column type=&#8220;2_3&#8243; _builder_version=&#8220;4.21.0&#8243; _module_preset=&#8220;default&#8220; global_colors_info=&#8220;{}&#8220;][et_pb_text _builder_version=&#8220;4.21.0&#8243; _module_preset=&#8220;b0ff17f0-74e1-4b69-a750-7e7a1d4e67e8&#8243; custom_margin=&#8220;||10px||false|false&#8220; locked=&#8220;off&#8220; global_colors_info=&#8220;{}&#8220;]<\/p>\n<h3>Lernerfolg durch Reiten<\/h3>\n<p>[\/et_pb_text][et_pb_text _builder_version=&#8220;4.17.4&#8243; _module_preset=&#8220;b1ca733a-53db-4a2c-b7f4-8027a8d45043&#8243; locked=&#8220;off&#8220; global_colors_info=&#8220;{}&#8220;]<\/p>\n<p><span>Als Primarlehrerin m\u00f6chte ich gerne die Schule und die Reitschule verkn\u00fcpfen. Der erste Versuch in meiner Bachelorarbeit ist bereits gut gelungen. Die Verkn\u00fcpfung von dem Erwerb einiger Lernstrategien mit dem Reitunterricht macht f\u00fcr jedes Kind Sinn. Auch k\u00f6nnen die Kinder nicht nur von den erworbenen Lernstrategien profitieren, sondern auch von der Verkn\u00fcpfung und F\u00f6rderung anderer schulischen F\u00e4chern.<\/span><\/p>\n<p>[\/et_pb_text][et_pb_image src=&#8220;https:\/\/happy-nobel.194-56-190-89.plesk.page\/wp-content\/uploads\/2024\/12\/Bild_2024-12-21_140338220.png&#8220; title_text=&#8220;Bild_2024-12-21_140338220&#8243; _builder_version=&#8220;4.17.4&#8243; _module_preset=&#8220;default&#8220; global_colors_info=&#8220;{}&#8220;][\/et_pb_image][et_pb_text _builder_version=&#8220;4.17.4&#8243; _module_preset=&#8220;b0ff17f0-74e1-4b69-a750-7e7a1d4e67e8&#8243; custom_margin=&#8220;||10px||false|false&#8220; locked=&#8220;off&#8220; global_colors_info=&#8220;{}&#8220;]<\/p>\n<h3>Was kann der Reitunterricht mit integrierten Lerneinheiten bewirken?<\/h3>\n<p>[\/et_pb_text][et_pb_text _builder_version=&#8220;4.17.4&#8243; _module_preset=&#8220;b1ca733a-53db-4a2c-b7f4-8027a8d45043&#8243; custom_margin=&#8220;||0px||false|false&#8220; locked=&#8220;off&#8220; global_colors_info=&#8220;{}&#8220;]<\/p>\n<ul>\n<li>Aneignen von Lernstrategien, die in der Schule, wie im Leben zu positiven Erlebnissen eines Kindes f\u00fchren<\/li>\n<li>Unbewusste Verkn\u00fcpfung mit der Schule<\/li>\n<li>F\u00f6rderung der Lernmotivation, wie auch Leistungsmotivation<\/li>\n<li>Steigerung der Konzentrationsf\u00e4higkeit<\/li>\n<li>St\u00e4rkung des Selbstvertrauens<\/li>\n<li>Aufbau eines Repertoires von Erfolgserlebnissen<\/li>\n<li>Automatische Umsetzung der Lernstrategien im Alltag und in der Schule<\/li>\n<li>Hilft jedem Kind negative Erlebnisse aus der Schule zu verarbeiten<\/li>\n<li>F\u00e4cher\u00fcbergreifendes Lernen (Musik, Sport, Rhythmus, Mathematik usw.)<\/li>\n<\/ul>\n<p>[\/et_pb_text][et_pb_text _builder_version=&#8220;4.17.4&#8243; _module_preset=&#8220;b0ff17f0-74e1-4b69-a750-7e7a1d4e67e8&#8243; custom_margin=&#8220;30px||10px||false|false&#8220; locked=&#8220;off&#8220; global_colors_info=&#8220;{}&#8220;]<\/p>\n<h3><span>Aufbau und Ablauf des Angebotes<\/span><\/h3>\n<p>[\/et_pb_text][et_pb_text _builder_version=&#8220;4.17.4&#8243; _module_preset=&#8220;b1ca733a-53db-4a2c-b7f4-8027a8d45043&#8243; custom_margin=&#8220;||0px||false|false&#8220; locked=&#8220;off&#8220; global_colors_info=&#8220;{}&#8220;]<\/p>\n<ol>\n<li>Die Eltern erkl\u00e4ren die Situation aus der Schule am Telefon oder am Gespr\u00e4ch\/<\/li>\n<li>Ich spreche mit dem Kind \u00fcber die Schule, sodass ich die Motivation f\u00fcr die Schule, wie f\u00fcr die einzelnen F\u00e4cher in etwa einsch\u00e4tzen kann.<\/li>\n<li>Zusammen mit dem Kind und den Eltern werden erste Ziele definiert<\/li>\n<li>Ich stelle ein Lernprogramm passend zum Kind zusammen.<\/li>\n<li>Das Kind geniesst das Lernprogramm.<\/li>\n<\/ol>\n<p>[\/et_pb_text][\/et_pb_column][et_pb_column type=&#8220;1_3&#8243; _builder_version=&#8220;4.21.0&#8243; _module_preset=&#8220;default&#8220; background_color=&#8220;gcid-e787f6e4-87be-4325-83ae-4380ef468485&#8243; custom_padding=&#8220;40px|40px|40px|40px|true|true&#8220; custom_padding_tablet=&#8220;30px|30px|30px|30px|true|true&#8220; custom_padding_phone=&#8220;20px|20px|20px|20px|true|true&#8220; custom_padding_last_edited=&#8220;on|phone&#8220; global_colors_info=&#8220;{%22gcid-e787f6e4-87be-4325-83ae-4380ef468485%22:%91%22background_color%22%93}&#8220;][et_pb_text _builder_version=&#8220;4.17.4&#8243; _module_preset=&#8220;b3896e2b-1ebc-4e21-b502-9ae79e8b17b6&#8243; custom_margin=&#8220;||0px||false|false&#8220; locked=&#8220;off&#8220; global_colors_info=&#8220;{}&#8220;]<\/p>\n<h4>Kontakt<\/h4>\n<p>[\/et_pb_text][et_pb_text _builder_version=&#8220;4.17.4&#8243; _module_preset=&#8220;b1ca733a-53db-4a2c-b7f4-8027a8d45043&#8243; locked=&#8220;off&#8220; global_colors_info=&#8220;{}&#8220;]<\/p>\n<p><span>Reitschule Sch\u00fcrli<br \/>Sch\u00fcrli 1<\/span><br \/><span>8496 Steg im T\u00f6sstal<\/span><br \/><span>Z\u00fcrich<\/span><\/p>\n<p>[\/et_pb_text][et_pb_button button_text=&#8220;Jetzt Anmelden&#8220; _builder_version=&#8220;4.17.4&#8243; _module_preset=&#8220;0fe2e05b-2d6b-4426-9254-5246c3a126b4&#8243; custom_margin=&#8220;||30px||false|false&#8220; locked=&#8220;off&#8220; global_colors_info=&#8220;{}&#8220;][\/et_pb_button][et_pb_text _builder_version=&#8220;4.17.4&#8243; _module_preset=&#8220;b3896e2b-1ebc-4e21-b502-9ae79e8b17b6&#8243; header_4_font=&#8220;Playfair Display|600|||||||&#8220; custom_margin=&#8220;||0px||false|false&#8220; header_4_font_size_tablet=&#8220;20px&#8220; header_4_font_size_phone=&#8220;16px&#8220; locked=&#8220;off&#8220; global_colors_info=&#8220;{}&#8220;]<\/p>\n<h4><span>Tel: 077 461 21 01<\/span><\/h4>\n<p>[\/et_pb_text][et_pb_text _builder_version=&#8220;4.21.0&#8243; _module_preset=&#8220;b1ca733a-53db-4a2c-b7f4-8027a8d45043&#8243; locked=&#8220;off&#8220; global_colors_info=&#8220;{}&#8220;]<\/p>\n<p>Urna magnis bibendum elementum cum iaculis semper varius curabitur phasellus nunc convallis malesuada<\/p>\n<p>[\/et_pb_text][et_pb_text _builder_version=&#8220;4.21.0&#8243; _module_preset=&#8220;b3896e2b-1ebc-4e21-b502-9ae79e8b17b6&#8243; header_4_font=&#8220;Playfair Display|600|||||||&#8220; custom_margin=&#8220;||0px||false|false&#8220; header_4_font_size_tablet=&#8220;20px&#8220; header_4_font_size_phone=&#8220;16px&#8220; locked=&#8220;off&#8220; global_colors_info=&#8220;{}&#8220;]<\/p>\n<h4>Requirements<\/h4>\n<p>[\/et_pb_text][et_pb_text _builder_version=&#8220;4.21.0&#8243; _module_preset=&#8220;b1ca733a-53db-4a2c-b7f4-8027a8d45043&#8243; custom_margin=&#8220;||0px||false|false&#8220; locked=&#8220;off&#8220; global_colors_info=&#8220;{}&#8220;]<\/p>\n<ul>\n<li>Morbi tortor nibh fringilla<\/li>\n<\/ul>\n<p>[\/et_pb_text][et_pb_text _builder_version=&#8220;4.21.0&#8243; _module_preset=&#8220;b1ca733a-53db-4a2c-b7f4-8027a8d45043&#8243; custom_margin=&#8220;||0px||false|false&#8220; locked=&#8220;off&#8220; global_colors_info=&#8220;{}&#8220;]<\/p>\n<ul>\n<li>Donec sed finibus nisi<\/li>\n<\/ul>\n<p>[\/et_pb_text][\/et_pb_column][\/et_pb_row][et_pb_row _builder_version=&#8220;4.17.4&#8243; _module_preset=&#8220;default&#8220; global_colors_info=&#8220;{}&#8220;][et_pb_column type=&#8220;4_4&#8243; _builder_version=&#8220;4.17.4&#8243; _module_preset=&#8220;default&#8220; global_colors_info=&#8220;{}&#8220;][et_pb_image src=&#8220;https:\/\/happy-nobel.194-56-190-89.plesk.page\/wp-content\/uploads\/2024\/12\/Bild_2024-12-21_140037125.png&#8220; title_text=&#8220;Bild_2024-12-21_140037125&#8243; align=&#8220;center&#8220; _builder_version=&#8220;4.17.4&#8243; _module_preset=&#8220;default&#8220; global_colors_info=&#8220;{}&#8220;][\/et_pb_image][\/et_pb_column][\/et_pb_row][\/et_pb_section][et_pb_section fb_built=&#8220;1&#8243; _builder_version=&#8220;4.17.4&#8243; _module_preset=&#8220;default&#8220; global_colors_info=&#8220;{}&#8220;][et_pb_row _builder_version=&#8220;4.17.4&#8243; _module_preset=&#8220;default&#8220; global_colors_info=&#8220;{}&#8220;][et_pb_column type=&#8220;4_4&#8243; _builder_version=&#8220;4.17.4&#8243; _module_preset=&#8220;default&#8220; global_colors_info=&#8220;{}&#8220;][et_pb_text _builder_version=&#8220;4.17.4&#8243; _module_preset=&#8220;b0ff17f0-74e1-4b69-a750-7e7a1d4e67e8&#8243; custom_margin=&#8220;30px||10px||false|false&#8220; locked=&#8220;off&#8220; global_colors_info=&#8220;{}&#8220;]<\/p>\n<h3><span>Reitunterricht Angebote<\/span><\/h3>\n<p>[\/et_pb_text][\/et_pb_column][\/et_pb_row][et_pb_row column_structure=&#8220;1_2,1_2&#8243; _builder_version=&#8220;4.17.4&#8243; _module_preset=&#8220;default&#8220; global_colors_info=&#8220;{}&#8220;][et_pb_column type=&#8220;1_2&#8243; _builder_version=&#8220;4.17.4&#8243; _module_preset=&#8220;default&#8220; global_colors_info=&#8220;{}&#8220;][et_pb_accordion _builder_version=&#8220;4.17.4&#8243; _module_preset=&#8220;eba2a69b-672c-489d-a265-053ddbd6964f&#8220; locked=&#8220;off&#8220; global_colors_info=&#8220;{}&#8220;][et_pb_accordion_item title=&#8220;Gruppenunterricht&#8220; open=&#8220;on&#8220; _builder_version=&#8220;4.17.4&#8243; _module_preset=&#8220;default&#8220; custom_padding=&#8220;|0px|0px|0px|false|true&#8220; global_colors_info=&#8220;{}&#8220;]<\/p>\n<ul class=\"wp-block-list\" id=\"block-f65d3a34-c310-49ae-91f2-0d1d327ac6cb\">\n<li>Kinder<\/li>\n<li>MuKi-Reiten<\/li>\n<li>Jugendliche<\/li>\n<\/ul>\n<p>[\/et_pb_accordion_item][\/et_pb_accordion][\/et_pb_column][et_pb_column type=&#8220;1_2&#8243; _builder_version=&#8220;4.17.4&#8243; _module_preset=&#8220;default&#8220; global_colors_info=&#8220;{}&#8220;][et_pb_accordion _builder_version=&#8220;4.17.4&#8243; _module_preset=&#8220;eba2a69b-672c-489d-a265-053ddbd6964f&#8220; locked=&#8220;off&#8220; global_colors_info=&#8220;{}&#8220;][et_pb_accordion_item title=&#8220;Einzelunterricht&#8220; open=&#8220;on&#8220; _builder_version=&#8220;4.17.4&#8243; _module_preset=&#8220;default&#8220; custom_padding=&#8220;|0px|0px|0px|false|true&#8220; global_colors_info=&#8220;{}&#8220;]<\/p>\n<ul class=\"wp-block-list\" id=\"block-f65d3a34-c310-49ae-91f2-0d1d327ac6cb\">\n<li>Erwachsene<\/li>\n<li>Kinder<\/li>\n<li>Jugendliche<\/li>\n<\/ul>\n<p>[\/et_pb_accordion_item][\/et_pb_accordion][\/et_pb_column][\/et_pb_row][et_pb_row _builder_version=&#8220;4.17.4&#8243; _module_preset=&#8220;default&#8220; global_colors_info=&#8220;{}&#8220;][et_pb_column type=&#8220;4_4&#8243; _builder_version=&#8220;4.17.4&#8243; _module_preset=&#8220;default&#8220; global_colors_info=&#8220;{}&#8220;][et_pb_text _builder_version=&#8220;4.17.4&#8243; _module_preset=&#8220;b0ff17f0-74e1-4b69-a750-7e7a1d4e67e8&#8243; custom_margin=&#8220;30px||10px||false|false&#8220; locked=&#8220;off&#8220; global_colors_info=&#8220;{}&#8220;]<\/p>\n<h3><span>Preisliste 10er Abos<\/span><\/h3>\n<p>[\/et_pb_text][et_pb_text _builder_version=&#8220;4.17.4&#8243; _module_preset=&#8220;default&#8220; global_colors_info=&#8220;{}&#8220;]<\/p>\n<table border=\"1\" style=\"border-collapse: collapse; width: 100%; height: 144px;\">\n<tbody>\n<tr style=\"height: 24px;\">\n<td style=\"width: 29.8017%; height: 24px;\"><strong>Kinder Gruppenunterricht<\/strong><\/td>\n<td style=\"width: 70.1983%; height: 24px;\">360.00 Fr.<\/td>\n<\/tr>\n<tr style=\"height: 24px;\">\n<td style=\"width: 29.8017%; height: 24px;\"><strong>Jugendliche Gruppenunterricht<\/strong><\/td>\n<td style=\"width: 70.1983%; height: 24px;\"><span>490.00 Fr.<\/span><\/td>\n<\/tr>\n<tr style=\"height: 24px;\">\n<td style=\"width: 29.8017%; height: 24px;\"><strong>MuKi-Reiten<\/strong><\/td>\n<td style=\"width: 70.1983%; height: 24px;\"><span>600.00 Fr.<\/span><\/td>\n<\/tr>\n<tr style=\"height: 24px;\">\n<td style=\"width: 29.8017%; height: 24px;\"><strong>Kinder Einzelunterricht<\/strong><\/td>\n<td style=\"width: 70.1983%; height: 24px;\"><span>500.00 Fr.<\/span><\/td>\n<\/tr>\n<tr style=\"height: 24px;\">\n<td style=\"width: 29.8017%; height: 24px;\"><strong>Jugendliche Einzelunterricht<\/strong><\/td>\n<td style=\"width: 70.1983%; height: 24px;\"><span>600.00 Fr.<\/span><\/td>\n<\/tr>\n<tr style=\"height: 24px;\">\n<td style=\"width: 29.8017%; height: 24px;\"><strong>Erwachsene<\/strong><\/td>\n<td style=\"width: 70.1983%; height: 24px;\">\n<div class=\"wp-block-columns is-layout-flex wp-container-core-columns-is-layout-1 wp-block-columns-is-layout-flex\">\n<div class=\"wp-block-column is-layout-flow wp-block-column-is-layout-flow\">\n<p>Bei den Erwachsenen variiert der Preis nach Reitlehrerin und L\u00e4nge der Stunde. Die Bezahlung folgt gleich nach der Reitstunde.<\/p>\n<\/div>\n<\/div>\n<figure class=\"wp-block-gallery has-nested-images columns-default is-cropped wp-block-gallery-1 is-layout-flex wp-block-gallery-is-layout-flex\"><\/figure>\n<\/td>\n<\/tr>\n<\/tbody>\n<\/table>\n<p>[\/et_pb_text][\/et_pb_column][\/et_pb_row][\/et_pb_section][et_pb_section fb_built=&#8220;1&#8243; theme_builder_area=&#8220;post_content&#8220; _builder_version=&#8220;4.17.4&#8243; _module_preset=&#8220;default&#8220;][et_pb_row _builder_version=&#8220;4.17.4&#8243; _module_preset=&#8220;default&#8220; theme_builder_area=&#8220;post_content&#8220;][et_pb_column _builder_version=&#8220;4.17.4&#8243; _module_preset=&#8220;default&#8220; type=&#8220;4_4&#8243; theme_builder_area=&#8220;post_content&#8220;][et_pb_gallery _builder_version=&#8220;4.17.4&#8243; _module_preset=&#8220;default&#8220; theme_builder_area=&#8220;post_content&#8220; gallery_ids=&#8220;219,220,221,222,223&#8243; show_title_and_caption=&#8220;off&#8220; show_pagination=&#8220;off&#8220; gallery_orderby=&#8220;rand&#8220; posts_number=&#8220;5&#8243; width=&#8220;100%&#8220; module_alignment=&#8220;center&#8220; animation_style=&#8220;fade&#8220; hover_enabled=&#8220;0&#8243; sticky_enabled=&#8220;0&#8243; custom_margin=&#8220;0px||||false|false&#8220; max_width=&#8220;100%&#8220;][\/et_pb_gallery][\/et_pb_column][\/et_pb_row][\/et_pb_section][et_pb_section fb_built=&#8220;1&#8243; admin_label=&#8220;Call to Action&#8220; _builder_version=&#8220;4.21.0&#8243; _module_preset=&#8220;default&#8220; background_color=&#8220;gcid-e787f6e4-87be-4325-83ae-4380ef468485&#8243; locked=&#8220;off&#8220; collapsed=&#8220;on&#8220; global_colors_info=&#8220;{%22gcid-e787f6e4-87be-4325-83ae-4380ef468485%22:%91%22background_color%22%93}&#8220;][et_pb_row _builder_version=&#8220;4.21.0&#8243; _module_preset=&#8220;default&#8220; max_width=&#8220;900px&#8220; global_colors_info=&#8220;{}&#8220;][et_pb_column type=&#8220;4_4&#8243; _builder_version=&#8220;4.21.0&#8243; _module_preset=&#8220;default&#8220; global_colors_info=&#8220;{}&#8220;][et_pb_text _builder_version=&#8220;4.17.4&#8243; _module_preset=&#8220;b0ff17f0-74e1-4b69-a750-7e7a1d4e67e8&#8243; text_orientation=&#8220;center&#8220; locked=&#8220;off&#8220; global_colors_info=&#8220;{}&#8220;]<\/p>\n<h3 style=\"text-align: left;\">Wenn Sie Fragen haben oder weitere Informationen zu unseren Kursen w\u00fcnschen, rufen Sie uns unter <span>077 461 21 01<\/span><\/h3>\n<p>[\/et_pb_text][et_pb_button button_text=&#8220;Contact Us&#8220; button_alignment=&#8220;center&#8220; _builder_version=&#8220;4.21.0&#8243; _module_preset=&#8220;0fe2e05b-2d6b-4426-9254-5246c3a126b4&#8243; locked=&#8220;off&#8220; global_colors_info=&#8220;{}&#8220;][\/et_pb_button][\/et_pb_column][\/et_pb_row][\/et_pb_section]<\/p>\n","protected":false},"excerpt":{"rendered":"<p>ReitunterrichtLernerfolg durch ReitenLernerfolg durch ReitenAls Primarlehrerin m\u00f6chte ich gerne die Schule und die Reitschule verkn\u00fcpfen. Der erste Versuch in meiner Bachelorarbeit ist bereits gut gelungen. Die Verkn\u00fcpfung von dem Erwerb einiger Lernstrategien mit dem Reitunterricht macht f\u00fcr jedes Kind Sinn. Auch k\u00f6nnen die Kinder nicht nur von den erworbenen Lernstrategien profitieren, sondern auch von der [&hellip;]<\/p>\n","protected":false},"author":1,"featured_media":0,"parent":0,"menu_order":0,"comment_status":"closed","ping_status":"closed","template":"","meta":{"_et_pb_use_builder":"on","_et_pb_old_content":"","_et_gb_content_width":"","footnotes":""},"class_list":["post-74","page","type-page","status-publish","hentry"],"_links":{"self":[{"href":"https:\/\/happy-nobel.194-56-190-89.plesk.page\/index.php?rest_route=\/wp\/v2\/pages\/74","targetHints":{"allow":["GET"]}}],"collection":[{"href":"https:\/\/happy-nobel.194-56-190-89.plesk.page\/index.php?rest_route=\/wp\/v2\/pages"}],"about":[{"href":"https:\/\/happy-nobel.194-56-190-89.plesk.page\/index.php?rest_route=\/wp\/v2\/types\/page"}],"author":[{"embeddable":true,"href":"https:\/\/happy-nobel.194-56-190-89.plesk.page\/index.php?rest_route=\/wp\/v2\/users\/1"}],"replies":[{"embeddable":true,"href":"https:\/\/happy-nobel.194-56-190-89.plesk.page\/index.php?rest_route=%2Fwp%2Fv2%2Fcomments&post=74"}],"version-history":[{"count":9,"href":"https:\/\/happy-nobel.194-56-190-89.plesk.page\/index.php?rest_route=\/wp\/v2\/pages\/74\/revisions"}],"predecessor-version":[{"id":225,"href":"https:\/\/happy-nobel.194-56-190-89.plesk.page\/index.php?rest_route=\/wp\/v2\/pages\/74\/revisions\/225"}],"wp:attachment":[{"href":"https:\/\/happy-nobel.194-56-190-89.plesk.page\/index.php?rest_route=%2Fwp%2Fv2%2Fmedia&parent=74"}],"curies":[{"name":"wp","href":"https:\/\/api.w.org\/{rel}","templated":true}]}}