{"id":30,"date":"2024-12-21T12:07:33","date_gmt":"2024-12-21T12:07:33","guid":{"rendered":"https:\/\/happy-nobel.194-56-190-89.plesk.page\/?page_id=30"},"modified":"2024-12-29T16:03:48","modified_gmt":"2024-12-29T16:03:48","slug":"30-2","status":"publish","type":"page","link":"https:\/\/happy-nobel.194-56-190-89.plesk.page\/?page_id=30","title":{"rendered":"\u00dcber Uns"},"content":{"rendered":"<p>[et_pb_section fb_built=&#8220;1&#8243; admin_label=&#8220;Header&#8220; _builder_version=&#8220;4.21.0&#8243; _module_preset=&#8220;default&#8220; background_color=&#8220;gcid-e787f6e4-87be-4325-83ae-4380ef468485&#8243; collapsed=&#8220;on&#8220; global_colors_info=&#8220;{%22gcid-e787f6e4-87be-4325-83ae-4380ef468485%22:%91%22background_color%22%93}&#8220;][et_pb_row column_structure=&#8220;1_2,1_2&#8243; _builder_version=&#8220;4.21.0&#8243; _module_preset=&#8220;default&#8220; global_colors_info=&#8220;{}&#8220;][et_pb_column type=&#8220;1_2&#8243; _builder_version=&#8220;4.21.0&#8243; _module_preset=&#8220;default&#8220; global_colors_info=&#8220;{}&#8220;][et_pb_text _builder_version=&#8220;4.21.0&#8243; _module_preset=&#8220;7aeefda6-9a37-4abf-8cfb-fce94192a0ae&#8220; locked=&#8220;off&#8220; global_colors_info=&#8220;{}&#8220;]<\/p>\n<h1>\u00dcber uns<\/h1>\n<p>[\/et_pb_text][et_pb_text _builder_version=&#8220;4.17.4&#8243; _module_preset=&#8220;75c523ca-4ced-4ad9-9808-43476ea23ba1&#8243; locked=&#8220;off&#8220; global_colors_info=&#8220;{}&#8220;]<\/p>\n<p><span>Mein Name ist Alexandra Kurtz. Seit ich auf der Welt bin, lebe ich mit Pferden. Mich fasziniert Vieles an diesen Tieren, besonders die Vielseitigkeit, die Geduld und der Wille mit den Menschen etwas zu lernen, den sie mit sich bringen.<br \/><\/span><\/p>\n<p>Bereits 12 Jahre unterrichte ich als Hobby Kinder und Erwachsene im Reiten. Als gelernte Primarlehrerin steht mein Pferdeunterricht im Sch\u00fcrli nicht nur f\u00fcr das Lernen eines korrekten Umgangs mit Pferden, ich bin auch in der Lage, diesen p\u00e4dagogisch richtig zu gestalten. Im Sommer 2022 habe ich die Basisausbildung beim SFRV abgeschlossen. In der Basisausbildung lernte ich die Ecole de L\u00e9g\u00e8ret\u00e9 kennen und absolviere seit Jahresbeginn 2024 die Ausbildung bei Philippe Karl.<\/p>\n<p>Die<span>\u00a0<\/span><strong>Verkn\u00fcpfung<\/strong><span>\u00a0<\/span>von Schule und Reitunterricht interessiert mich besonders. Dieser Thematik konnte ich in meiner Bachelorarbeit ein wenig n\u00e4her kommen. In einem Lernarrangement aus Reitlektionen verkn\u00fcpfte ich<span>\u00a0<\/span><strong>Lernstrategien<\/strong>, die Kinder in der Schule und im Alltag anwenden k\u00f6nnen sollten. In der Fallstudie konnte ich beweisen, dass die im Reitunterricht erlernten Strategien in der Schule und im Alltag angewendet werden konnten. Auch konnten die Strategien die<span>\u00a0<\/span><strong>Lernmotivation<\/strong>, wie auch die<span>\u00a0<\/span><strong>Leistungsmotivation<\/strong><span>\u00a0<\/span>und das<span>\u00a0<\/span><strong>Selbstvertrauen<\/strong><span>\u00a0<\/span>ins eigene Lernen steigern.<\/p>\n<p>Ich freue mich auf euch!<\/p>\n<p><span>\u00a0<\/span><\/p>\n<p>[\/et_pb_text][\/et_pb_column][et_pb_column type=&#8220;1_2&#8243; _builder_version=&#8220;4.21.0&#8243; _module_preset=&#8220;default&#8220; global_colors_info=&#8220;{}&#8220;][et_pb_image src=&#8220;https:\/\/happy-nobel.194-56-190-89.plesk.page\/wp-content\/uploads\/2024\/12\/watercolor-mask-03-600px.png&#8220; title_text=&#8220;3C9A633B-35D3-408F-B68C-8F7D5E7BDB11_1_201_a-1-transformed&#8220; _builder_version=&#8220;4.17.4&#8243; _module_preset=&#8220;default&#8220; background_image=&#8220;https:\/\/happy-nobel.194-56-190-89.plesk.page\/wp-content\/uploads\/2024\/12\/3C9A633B-35D3-408F-B68C-8F7D5E7BDB11_1_201_a-1-transformed-scaled.jpeg&#8220; hover_enabled=&#8220;0&#8243; global_colors_info=&#8220;{}&#8220; border_radii=&#8220;on|3px|3px|3px|3px&#8220; sticky_enabled=&#8220;0&#8243;][\/et_pb_image][\/et_pb_column][\/et_pb_row][\/et_pb_section][et_pb_section fb_built=&#8220;1&#8243; admin_label=&#8220;Feature&#8220; _builder_version=&#8220;4.21.0&#8243; _module_preset=&#8220;default&#8220; background_enable_color=&#8220;off&#8220; locked=&#8220;off&#8220; collapsed=&#8220;on&#8220; global_colors_info=&#8220;{}&#8220;][et_pb_row column_structure=&#8220;1_2,1_2&#8243; _builder_version=&#8220;4.21.0&#8243; _module_preset=&#8220;default&#8220; global_colors_info=&#8220;{}&#8220;][et_pb_column type=&#8220;1_2&#8243; _builder_version=&#8220;4.21.0&#8243; _module_preset=&#8220;default&#8220; global_colors_info=&#8220;{}&#8220;][et_pb_image src=&#8220;https:\/\/happy-nobel.194-56-190-89.plesk.page\/wp-content\/uploads\/2024\/12\/s1050668_web_50362489321_o.jpg&#8220; title_text=&#8220;s1050668_web_50362489321_o&#8220; _builder_version=&#8220;4.17.4&#8243; _module_preset=&#8220;default&#8220; hover_enabled=&#8220;0&#8243; global_colors_info=&#8220;{}&#8220; border_radii=&#8220;on|3px|3px|3px|3px&#8220; sticky_enabled=&#8220;0&#8243;][\/et_pb_image][et_pb_image src=&#8220;https:\/\/happy-nobel.194-56-190-89.plesk.page\/wp-content\/uploads\/2024\/12\/Bild_2024-12-20_200603570.png&#8220; title_text=&#8220;Bild_2024-12-20_200603570&#8243; align=&#8220;right&#8220; _builder_version=&#8220;4.17.4&#8243; _module_preset=&#8220;default&#8220; width=&#8220;50%&#8220; custom_margin=&#8220;-30%|30px|||false|false&#8220; hover_enabled=&#8220;0&#8243; global_colors_info=&#8220;{}&#8220; border_radii=&#8220;on|3px|3px|3px|3px&#8220; sticky_enabled=&#8220;0&#8243;][\/et_pb_image][\/et_pb_column][et_pb_column type=&#8220;1_2&#8243; _builder_version=&#8220;4.21.0&#8243; _module_preset=&#8220;default&#8220; global_colors_info=&#8220;{}&#8220;][et_pb_text _builder_version=&#8220;4.21.0&#8243; _module_preset=&#8220;515cd151-1e08-4aa6-a754-0855383138e9&#8243; locked=&#8220;off&#8220; global_colors_info=&#8220;{}&#8220;]<\/p>\n<h2>Alexandra Kurtz<\/h2>\n<p>[\/et_pb_text][et_pb_text _builder_version=&#8220;4.17.4&#8243; _module_preset=&#8220;75c523ca-4ced-4ad9-9808-43476ea23ba1&#8243; locked=&#8220;off&#8220; global_colors_info=&#8220;{}&#8220;]<\/p>\n<p><span>Ausbildung Pferdehaltung und Reiten, Beritt:<br \/><\/span><\/p>\n<ul class=\"wp-block-list\">\n<li>1997 \u2013 jetzt Pferdehaltung<\/li>\n<li>2018 FBA Kurs<\/li>\n<li>2021 Openkurs Centered Riding<\/li>\n<li>2022 Abschluss Basisausbildung SFRV<\/li>\n<li>2023 Ecole de L\u00e9g\u00e8ret\u00e9 Kurs Buchs bei Bea Borelle<\/li>\n<li>2023 Start Ausbildung Ecole de L\u00e9g\u00e8ret\u00e9 bei Philippe Karl<\/li>\n<li>2024 Start Ausbildung Trainer C SFRV<\/li>\n<\/ul>\n<p><span><\/span><\/p>\n<p>[\/et_pb_text][et_pb_text _builder_version=&#8220;4.17.4&#8243; _module_preset=&#8220;75c523ca-4ced-4ad9-9808-43476ea23ba1&#8243; locked=&#8220;off&#8220; global_colors_info=&#8220;{}&#8220;]<\/p>\n<p class=\"has-normal-font-size\">Ausbildungen und Erfahrungen:<\/p>\n<ul class=\"wp-block-list\">\n<li>2011 \u2013 2016 Pfadileiterin<\/li>\n<li>2012 Erste Reitstunde unterrichtet<\/li>\n<li>2016 \u2013 2022 Korpsleitung Pfadi Z\u00fcrich Oberland<\/li>\n<li>2017 \u2013 2020 Studiengang Primarlehrerin an der p\u00e4dagogischen Hochschule Graub\u00fcnden<\/li>\n<li>2018 Ausbildung J&amp;S Coach<\/li>\n<li>2019 Ausbildung J&amp;S Kindersport und Schulsport<\/li>\n<li>2020 offizielle Er\u00f6ffnung Reitschule Sch\u00fcrli<\/li>\n<li>2022 Er\u00f6ffnung Hofschule Sch\u00fcrli<\/li>\n<\/ul>\n<p>[\/et_pb_text][et_pb_image src=&#8220;https:\/\/happy-nobel.194-56-190-89.plesk.page\/wp-content\/uploads\/2024\/12\/Bild_2024-12-21_131422862.png&#8220; title_text=&#8220;Bild_2024-12-21_131422862&#8243; _builder_version=&#8220;4.17.4&#8243; _module_preset=&#8220;default&#8220; custom_padding=&#8220;0px|||||&#8220; hover_enabled=&#8220;0&#8243; global_colors_info=&#8220;{}&#8220; border_radii=&#8220;on|3px|3px|3px|3px&#8220; sticky_enabled=&#8220;0&#8243;][\/et_pb_image][\/et_pb_column][\/et_pb_row][\/et_pb_section][et_pb_section fb_built=&#8220;1&#8243; admin_label=&#8220;Feature&#8220; _builder_version=&#8220;4.21.0&#8243; _module_preset=&#8220;default&#8220; background_enable_color=&#8220;off&#8220; locked=&#8220;off&#8220; collapsed=&#8220;on&#8220; global_colors_info=&#8220;{}&#8220;][et_pb_row column_structure=&#8220;1_2,1_2&#8243; _builder_version=&#8220;4.21.0&#8243; _module_preset=&#8220;default&#8220; global_colors_info=&#8220;{}&#8220;][et_pb_column type=&#8220;1_2&#8243; _builder_version=&#8220;4.21.0&#8243; _module_preset=&#8220;default&#8220; global_colors_info=&#8220;{}&#8220;][et_pb_image src=&#8220;https:\/\/happy-nobel.194-56-190-89.plesk.page\/wp-content\/uploads\/2024\/12\/Bild_2024-12-21_132306593.png&#8220; title_text=&#8220;Bild_2024-12-21_132306593&#8243; _builder_version=&#8220;4.17.4&#8243; _module_preset=&#8220;default&#8220; hover_enabled=&#8220;0&#8243; global_colors_info=&#8220;{}&#8220; border_radii=&#8220;on|3px|3px|3px|3px&#8220; sticky_enabled=&#8220;0&#8243;][\/et_pb_image][et_pb_image src=&#8220;https:\/\/happy-nobel.194-56-190-89.plesk.page\/wp-content\/uploads\/2024\/12\/Bild_2024-12-21_132254201.png&#8220; title_text=&#8220;Bild_2024-12-21_132254201&#8243; align=&#8220;right&#8220; _builder_version=&#8220;4.17.4&#8243; _module_preset=&#8220;default&#8220; width=&#8220;50%&#8220; custom_margin=&#8220;-30%|30px|||false|false&#8220; hover_enabled=&#8220;0&#8243; global_colors_info=&#8220;{}&#8220; border_radii=&#8220;on|3px|3px|3px|3px&#8220; sticky_enabled=&#8220;0&#8243;][\/et_pb_image][\/et_pb_column][et_pb_column type=&#8220;1_2&#8243; _builder_version=&#8220;4.21.0&#8243; _module_preset=&#8220;default&#8220; global_colors_info=&#8220;{}&#8220;][et_pb_text _builder_version=&#8220;4.17.4&#8243; _module_preset=&#8220;515cd151-1e08-4aa6-a754-0855383138e9&#8243; locked=&#8220;off&#8220; global_colors_info=&#8220;{}&#8220;]<\/p>\n<h2>Larissa Postizzi<\/h2>\n<p>[\/et_pb_text][et_pb_text _builder_version=&#8220;4.17.4&#8243; _module_preset=&#8220;75c523ca-4ced-4ad9-9808-43476ea23ba1&#8243; locked=&#8220;off&#8220; global_colors_info=&#8220;{}&#8220;]<\/p>\n<p>Mein Name ist Larissa Postizzi, ich bin 29 Jahre jung und wohne in Elsau. Seit ich mit 4 Jahren das erste Mal auf einem Pony namens `Bonita` sass, beglei- ten mich die Pferde in meinem Leben.<br \/>Ganz nach dem Motto \u00abeinmal Aufgestiegen und nie mehr runter\u00ab.<br \/>Ich hatte das Gl\u00fcck, dass ich mit 12 Jahren bereits mein erstes Pferd \u00abOdessa\u00ab bekam. Sie lehrte mich, dass es zum erfolgreichen Reiten mehr braucht als Wille und Leidenschaft. N\u00e4mlich das Verst\u00e4ndnis und die Mischung aus Einf\u00fchlungs- verm\u00f6gen und einem Konsequenten Umgang f\u00fcr ein 600kg schweres Tier. Reiten ist nicht nur ein Sport, sondern vielmehr die Verbindung zwischen Mensch und Tier und gemeinsam als Team sportlich sowie pers\u00f6nlich zu wachsen.<\/p>\n<p>Mich faszinierte schon immer wie viel mehr als reiten man von den Pferden lernen kann.<br \/>Als Reitlehrerin und leidenschaftliche Pferdeliebhaberin ist es mir eine Herzensangelegenheit, euch dabei zu helfen, eure Reittr\u00e4ume zu verwirklichen und zu lernen eine tiefe Verbindung zu den Pferden aufzubauen.<br \/>Mit viel Einf\u00fchlungsverm\u00f6gen, Geduld und Fachwissen begleite ich euch auf eurem Weg zum erfolgreichen reiten.<\/p>\n<p>Egal, ob ihr noch nie auf einem Pferd geses- sen habt oder bereits fortgeschrittene Kenntnisse besitzt \u2013 Ziel ist viel Freude und eure individuelle Weiterentwicklung, step by step so dass ihr und die Pferde euch wohlf\u00fchlt.<br \/>Gemeinsam werden wir an euren F\u00e4higkeiten arbeiten, eure Reittechnik verfei- nern und euer Verst\u00e4ndnis f\u00fcr die Bed\u00fcrfnisse und Signale der Pferde vertiefen. Denn nur durch eine harmonische Beziehung zwischen Reiter und Pferd k\u00f6nnen wir wahre Meisterwerke im Sattel erschaffen.<\/p>\n<p>[\/et_pb_text][\/et_pb_column][\/et_pb_row][\/et_pb_section][et_pb_section fb_built=&#8220;1&#8243; admin_label=&#8220;Team&#8220; _builder_version=&#8220;4.21.0&#8243; _module_preset=&#8220;default&#8220; background_color=&#8220;#fcf9f6&#8243; collapsed=&#8220;on&#8220; global_colors_info=&#8220;{}&#8220;][et_pb_row _builder_version=&#8220;4.21.0&#8243; _module_preset=&#8220;default&#8220; global_colors_info=&#8220;{}&#8220;][et_pb_column type=&#8220;4_4&#8243; _builder_version=&#8220;4.21.0&#8243; _module_preset=&#8220;default&#8220; global_colors_info=&#8220;{}&#8220;][et_pb_text _builder_version=&#8220;4.17.4&#8243; _module_preset=&#8220;515cd151-1e08-4aa6-a754-0855383138e9&#8243; hover_enabled=&#8220;0&#8243; text_orientation_tablet=&#8220;center&#8220; text_orientation_phone=&#8220;center&#8220; text_orientation_last_edited=&#8220;on|tablet&#8220; locked=&#8220;off&#8220; global_colors_info=&#8220;{}&#8220; link_option_url=&#8220;@ET-DC@eyJkeW5hbWljIjp0cnVlLCJjb250ZW50IjoicG9zdF9saW5rX3VybF9wYWdlIiwic2V0dGluZ3MiOnsicG9zdF9pZCI6IjUzIn19@&#8220; _dynamic_attributes=&#8220;link_option_url&#8220; sticky_enabled=&#8220;0&#8243;]<\/p>\n<h2>Lerne unsere Pferde kennen<\/h2>\n<p>[\/et_pb_text][\/et_pb_column][\/et_pb_row][et_pb_row _builder_version=&#8220;4.17.4&#8243; _module_preset=&#8220;default&#8220;][et_pb_column _builder_version=&#8220;4.17.4&#8243; _module_preset=&#8220;default&#8220; type=&#8220;4_4&#8243;][et_pb_image src=&#8220;https:\/\/happy-nobel.194-56-190-89.plesk.page\/wp-content\/uploads\/2024\/12\/65C0C393-B71D-4F4E-B1E1-4E6D87EFE281-scaled-e1723370561542.jpeg&#8220; _builder_version=&#8220;4.17.4&#8243; _module_preset=&#8220;default&#8220; title_text=&#8220;65C0C393-B71D-4F4E-B1E1-4E6D87EFE281-scaled-e1723370561542&#8243; border_radii=&#8220;on|3px|3px|3px|3px&#8220; hover_enabled=&#8220;0&#8243; sticky_enabled=&#8220;0&#8243;][\/et_pb_image][\/et_pb_column][\/et_pb_row][et_pb_row column_structure=&#8220;1_3,1_3,1_3&#8243; make_equal=&#8220;on&#8220; _builder_version=&#8220;4.17.4&#8243; _module_preset=&#8220;default&#8220; global_colors_info=&#8220;{}&#8220; theme_builder_area=&#8220;post_content&#8220;][et_pb_column type=&#8220;1_3&#8243; _builder_version=&#8220;4.21.0&#8243; _module_preset=&#8220;default&#8220; global_colors_info=&#8220;{}&#8220; theme_builder_area=&#8220;post_content&#8220;][et_pb_image src=&#8220;https:\/\/happy-nobel.194-56-190-89.plesk.page\/wp-content\/uploads\/2024\/12\/Bild_2024-12-21_132944838.png&#8220; title_text=&#8220;Bild_2024-12-21_132944838&#8243; _builder_version=&#8220;4.17.4&#8243; _module_preset=&#8220;default&#8220; positioning=&#8220;absolute&#8220; position_origin_a=&#8220;center_left&#8220; width=&#8220;45%&#8220; border_radii=&#8220;on|3px|3px|3px|3px&#8220; global_colors_info=&#8220;{}&#8220; theme_builder_area=&#8220;post_content&#8220;][\/et_pb_image][et_pb_image src=&#8220;https:\/\/happy-nobel.194-56-190-89.plesk.page\/wp-content\/uploads\/2024\/12\/Bild_2024-12-21_132932760.png&#8220; title_text=&#8220;Bild_2024-12-21_132932760&#8243; align=&#8220;right&#8220; _builder_version=&#8220;4.17.4&#8243; _module_preset=&#8220;default&#8220; width=&#8220;45%&#8220; custom_margin=&#8220;||0px||false|false&#8220; border_radii=&#8220;on|3px|3px|3px|3px&#8220; global_colors_info=&#8220;{}&#8220; theme_builder_area=&#8220;post_content&#8220;][\/et_pb_image][\/et_pb_column][et_pb_column type=&#8220;1_3&#8243; _builder_version=&#8220;4.21.0&#8243; _module_preset=&#8220;default&#8220; global_colors_info=&#8220;{}&#8220; theme_builder_area=&#8220;post_content&#8220;][et_pb_image src=&#8220;https:\/\/happy-nobel.194-56-190-89.plesk.page\/wp-content\/uploads\/2024\/12\/Bild_2024-12-21_173630830.png&#8220; title_text=&#8220;Bild_2024-12-21_173630830&#8243; _builder_version=&#8220;4.17.4&#8243; _module_preset=&#8220;default&#8220; width=&#8220;45%&#8220; custom_margin=&#8220;||0px||false|false&#8220; border_radii=&#8220;on|3px|3px|3px|3px&#8220; locked=&#8220;off&#8220; global_colors_info=&#8220;{}&#8220; theme_builder_area=&#8220;post_content&#8220;][\/et_pb_image][et_pb_image src=&#8220;https:\/\/happy-nobel.194-56-190-89.plesk.page\/wp-content\/uploads\/2024\/12\/Bild_2024-12-21_180408539.png&#8220; title_text=&#8220;Bild_2024-12-21_180408539&#8243; _builder_version=&#8220;4.17.4&#8243; _module_preset=&#8220;default&#8220; positioning=&#8220;absolute&#8220; position_origin_a=&#8220;center_right&#8220; width=&#8220;45%&#8220; border_radii=&#8220;on|3px|3px|3px|3px&#8220; locked=&#8220;off&#8220; global_colors_info=&#8220;{}&#8220; theme_builder_area=&#8220;post_content&#8220;][\/et_pb_image][\/et_pb_column][et_pb_column type=&#8220;1_3&#8243; _builder_version=&#8220;4.21.0&#8243; _module_preset=&#8220;default&#8220; global_colors_info=&#8220;{}&#8220; theme_builder_area=&#8220;post_content&#8220;][et_pb_image src=&#8220;https:\/\/happy-nobel.194-56-190-89.plesk.page\/wp-content\/uploads\/2024\/12\/Bild_2024-12-21_133027425.png&#8220; title_text=&#8220;Bild_2024-12-21_133027425&#8243; _builder_version=&#8220;4.17.4&#8243; _module_preset=&#8220;default&#8220; width=&#8220;45%&#8220; custom_margin=&#8220;||0px||false|false&#8220; border_radii=&#8220;on|3px|3px|3px|3px&#8220; locked=&#8220;off&#8220; global_colors_info=&#8220;{}&#8220; theme_builder_area=&#8220;post_content&#8220;][\/et_pb_image][et_pb_image src=&#8220;https:\/\/happy-nobel.194-56-190-89.plesk.page\/wp-content\/uploads\/2024\/12\/Bild_2024-12-21_132958642.png&#8220; title_text=&#8220;Bild_2024-12-21_132958642&#8243; _builder_version=&#8220;4.17.4&#8243; _module_preset=&#8220;default&#8220; positioning=&#8220;absolute&#8220; position_origin_a=&#8220;center_right&#8220; width=&#8220;45%&#8220; border_radii=&#8220;on|3px|3px|3px|3px&#8220; locked=&#8220;off&#8220; global_colors_info=&#8220;{}&#8220; theme_builder_area=&#8220;post_content&#8220;][\/et_pb_image][\/et_pb_column][\/et_pb_row][\/et_pb_section]<\/p>\n","protected":false},"excerpt":{"rendered":"<p>\u00dcber unsMein Name ist Alexandra Kurtz. Seit ich auf der Welt bin, lebe ich mit Pferden. Mich fasziniert Vieles an diesen Tieren, besonders die Vielseitigkeit, die Geduld und der Wille mit den Menschen etwas zu lernen, den sie mit sich bringen. Bereits 12 Jahre unterrichte ich als Hobby Kinder und Erwachsene im Reiten. Als gelernte [&hellip;]<\/p>\n","protected":false},"author":1,"featured_media":0,"parent":0,"menu_order":0,"comment_status":"closed","ping_status":"closed","template":"","meta":{"_et_pb_use_builder":"on","_et_pb_old_content":"","_et_gb_content_width":"","footnotes":""},"class_list":["post-30","page","type-page","status-publish","hentry"],"_links":{"self":[{"href":"https:\/\/happy-nobel.194-56-190-89.plesk.page\/index.php?rest_route=\/wp\/v2\/pages\/30","targetHints":{"allow":["GET"]}}],"collection":[{"href":"https:\/\/happy-nobel.194-56-190-89.plesk.page\/index.php?rest_route=\/wp\/v2\/pages"}],"about":[{"href":"https:\/\/happy-nobel.194-56-190-89.plesk.page\/index.php?rest_route=\/wp\/v2\/types\/page"}],"author":[{"embeddable":true,"href":"https:\/\/happy-nobel.194-56-190-89.plesk.page\/index.php?rest_route=\/wp\/v2\/users\/1"}],"replies":[{"embeddable":true,"href":"https:\/\/happy-nobel.194-56-190-89.plesk.page\/index.php?rest_route=%2Fwp%2Fv2%2Fcomments&post=30"}],"version-history":[{"count":12,"href":"https:\/\/happy-nobel.194-56-190-89.plesk.page\/index.php?rest_route=\/wp\/v2\/pages\/30\/revisions"}],"predecessor-version":[{"id":177,"href":"https:\/\/happy-nobel.194-56-190-89.plesk.page\/index.php?rest_route=\/wp\/v2\/pages\/30\/revisions\/177"}],"wp:attachment":[{"href":"https:\/\/happy-nobel.194-56-190-89.plesk.page\/index.php?rest_route=%2Fwp%2Fv2%2Fmedia&parent=30"}],"curies":[{"name":"wp","href":"https:\/\/api.w.org\/{rel}","templated":true}]}}