{"id":198,"date":"2024-12-29T16:32:14","date_gmt":"2024-12-29T16:32:14","guid":{"rendered":"https:\/\/happy-nobel.194-56-190-89.plesk.page\/?page_id=198"},"modified":"2024-12-29T16:47:55","modified_gmt":"2024-12-29T16:47:55","slug":"anmeldung","status":"publish","type":"page","link":"https:\/\/happy-nobel.194-56-190-89.plesk.page\/?page_id=198","title":{"rendered":"Anmeldung"},"content":{"rendered":"<p>[et_pb_section fb_built=&#8220;1&#8243; admin_label=&#8220;Header&#8220; _builder_version=&#8220;4.21.0&#8243; _module_preset=&#8220;default&#8220; background_enable_color=&#8220;off&#8220; custom_padding=&#8220;||0px||false|false&#8220; locked=&#8220;off&#8220; collapsed=&#8220;on&#8220; global_colors_info=&#8220;{}&#8220;][et_pb_row _builder_version=&#8220;4.21.0&#8243; _module_preset=&#8220;default&#8220; max_width=&#8220;800px&#8220; global_colors_info=&#8220;{}&#8220;][et_pb_column type=&#8220;4_4&#8243; _builder_version=&#8220;4.21.0&#8243; _module_preset=&#8220;default&#8220; global_colors_info=&#8220;{}&#8220;][et_pb_text _builder_version=&#8220;4.21.0&#8243; _module_preset=&#8220;23e9a19b-b6ea-4236-8d6d-d442d323412f&#8220; text_orientation=&#8220;center&#8220; locked=&#8220;off&#8220; global_colors_info=&#8220;{}&#8220;]<\/p>\n<h1>Anmeldung<\/h1>\n<p>[\/et_pb_text][et_pb_text _builder_version=&#8220;4.17.4&#8243; _module_preset=&#8220;1c41208d-e9bb-4e35-9605-c02e6ab111e4&#8243; text_orientation=&#8220;center&#8220; custom_margin=&#8220;||30px||false|false&#8220; locked=&#8220;off&#8220; global_colors_info=&#8220;{}&#8220;]<\/p>\n<h4>Reitschule Sch\u00fcrli<\/h4>\n<p>[\/et_pb_text][\/et_pb_column][\/et_pb_row][\/et_pb_section][et_pb_section fb_built=&#8220;1&#8243; admin_label=&#8220;Course Overview&#8220; _builder_version=&#8220;4.21.0&#8243; _module_preset=&#8220;default&#8220; background_enable_color=&#8220;off&#8220; locked=&#8220;off&#8220; collapsed=&#8220;on&#8220; global_colors_info=&#8220;{}&#8220;][et_pb_row column_structure=&#8220;2_3,1_3&#8243; _builder_version=&#8220;4.21.0&#8243; _module_preset=&#8220;default&#8220; global_colors_info=&#8220;{}&#8220;][et_pb_column type=&#8220;2_3&#8243; _builder_version=&#8220;4.21.0&#8243; _module_preset=&#8220;default&#8220; global_colors_info=&#8220;{}&#8220;][et_pb_text _builder_version=&#8220;4.21.0&#8243; _module_preset=&#8220;a1db9d35-1f33-46ac-8225-6469532057a8&#8243; custom_margin=&#8220;||10px||false|false&#8220; locked=&#8220;off&#8220; global_colors_info=&#8220;{}&#8220;]<\/p>\n<h3>\u00dcberblick<\/h3>\n<p>[\/et_pb_text][et_pb_text _builder_version=&#8220;4.17.4&#8243; _module_preset=&#8220;43c549f8-2aa7-48a6-a468-83fc2a1aaeb4&#8243; locked=&#8220;off&#8220; global_colors_info=&#8220;{}&#8220;]<\/p>\n<p id=\"block-7e754da4-985d-444d-bb5d-0be02c1d9134\">Die Preise sind je nach Art des Reitunterrichts verschieden. In einer normalen Lektion sollte mit 1 1\/2 Stunden gerechnet werden. Dazu geh\u00f6rt das Pferd bereit machen, zum Reitplatz f\u00fchren, 40 \u2013 45 min. Reitunterricht, Pferd absatteln, f\u00fcttern und versorgen. Reiten im Gel\u00e4nde in der selben Zeit ist kein Preisaufschlag.<\/p>\n<p id=\"block-3dcbd46d-e025-4bdc-8604-7553a5798a2b\">Bei einem Ausritt muss mit mindestens 2 1\/2 Stunden gerechnet werden, wobei ich selber auch ein Pferd ben\u00f6tige. Ausritte k\u00f6nnen erst alleine unternommen werden, wenn das Reitniveau und das Alter, um Verantwortung zu tragen, stimmen.<\/p>\n<p>Die Reitschule Sch\u00fcrli f\u00fchrt eine aktuelle Warteliste. Wenn sie Ihr Kind oder sich selber anmelden wollen, kl\u00e4ren Sie bitte die Verf\u00fcgbarkeit direkt mit der Reitschule unter:<\/p>\n<p>077 461 21 01<\/p>\n<p>[\/et_pb_text][et_pb_text _builder_version=&#8220;4.17.4&#8243; _module_preset=&#8220;a1db9d35-1f33-46ac-8225-6469532057a8&#8243; custom_margin=&#8220;||10px||false|false&#8220; locked=&#8220;off&#8220; global_colors_info=&#8220;{}&#8220;]<\/p>\n<h3>10er Abos<\/h3>\n<p>[\/et_pb_text][et_pb_text _builder_version=&#8220;4.17.4&#8243; _module_preset=&#8220;43c549f8-2aa7-48a6-a468-83fc2a1aaeb4&#8243; custom_margin=&#8220;||0px||false|false&#8220; locked=&#8220;off&#8220; global_colors_info=&#8220;{}&#8220;]<\/p>\n<p><span>Ab dem Januar 2024 k\u00f6nnen die Reitsch\u00fcler*innen 10er Abos l\u00f6sen. Diese werden im Vorhinein bezahlt. Erwachsene Reitsch\u00fcler*innen bezahlen nach jedem Reitunterricht bar oder mit Twint. Reitsch\u00fcler*innen, die jede Woche kommen, k\u00f6nnen dem Ferienplan der Reitschule die Ausf\u00e4lle entnehmen. Ansonsten ist jede Woche regul\u00e4r Reitunterricht. Die Reitsch\u00fcler*innen, die alle zwei Wochen Reitunterricht buchen, erhalten eine Datenliste mit Terminen auf der Rechnung.<\/span><\/p>\n<p>[\/et_pb_text][et_pb_text _builder_version=&#8220;4.17.4&#8243; _module_preset=&#8220;a1db9d35-1f33-46ac-8225-6469532057a8&#8243; custom_margin=&#8220;30px||10px||false|false&#8220; locked=&#8220;off&#8220; global_colors_info=&#8220;{}&#8220;]<\/p>\n<h3>Preise Erwachsene<\/h3>\n<p>[\/et_pb_text][et_pb_text _builder_version=&#8220;4.17.4&#8243; _module_preset=&#8220;43c549f8-2aa7-48a6-a468-83fc2a1aaeb4&#8243; custom_margin=&#8220;||0px||false|false&#8220; locked=&#8220;off&#8220; global_colors_info=&#8220;{}&#8220;]<\/p>\n<ul class=\"wp-block-list\">\n<li>Einzelstunde Erwachsener mit Schulpferd: 80.00 Fr.<\/li>\n<li>Einzelunterricht Erwachsener mit eigenem Pferd: 70.00 Fr.<\/li>\n<\/ul>\n<p>[\/et_pb_text][\/et_pb_column][et_pb_column type=&#8220;1_3&#8243; _builder_version=&#8220;4.21.0&#8243; _module_preset=&#8220;default&#8220; background_color=&#8220;gcid-e787f6e4-87be-4325-83ae-4380ef468485&#8243; custom_padding=&#8220;40px|40px|40px|40px|true|true&#8220; custom_padding_tablet=&#8220;30px|30px|30px|30px|true|true&#8220; custom_padding_phone=&#8220;20px|20px|20px|20px|true|true&#8220; custom_padding_last_edited=&#8220;on|phone&#8220; global_colors_info=&#8220;{%22gcid-e787f6e4-87be-4325-83ae-4380ef468485%22:%91%22background_color%22%93}&#8220;][et_pb_text _builder_version=&#8220;4.17.4&#8243; _module_preset=&#8220;d156f136-323a-4565-a20c-63ecd8f0087c&#8220; custom_margin=&#8220;||0px||false|false&#8220; locked=&#8220;off&#8220; global_colors_info=&#8220;{}&#8220;]<\/p>\n<h4>Kontakt<\/h4>\n<p>[\/et_pb_text][et_pb_text _builder_version=&#8220;4.17.4&#8243; _module_preset=&#8220;43c549f8-2aa7-48a6-a468-83fc2a1aaeb4&#8243; locked=&#8220;off&#8220; global_colors_info=&#8220;{}&#8220;]<\/p>\n<p><span>Reitschule Sch\u00fcrli<\/span><br \/><span>Sch\u00fcrli 1<\/span><br \/><span>8496 Steg im T\u00f6sstal<\/span><br \/><span>Z\u00fcrich<\/span><\/p>\n<p>[\/et_pb_text][et_pb_button button_text=&#8220;Anmelden&#8220; _builder_version=&#8220;4.17.4&#8243; _module_preset=&#8220;ec7a66f8-f652-4688-b35a-129c20e880aa&#8220; custom_margin=&#8220;||30px||false|false&#8220; locked=&#8220;off&#8220; global_colors_info=&#8220;{}&#8220;][\/et_pb_button][et_pb_text _builder_version=&#8220;4.17.4&#8243; _module_preset=&#8220;d156f136-323a-4565-a20c-63ecd8f0087c&#8220; header_4_font=&#8220;Playfair Display|600|||||||&#8220; custom_margin=&#8220;||0px||false|false&#8220; header_4_font_size_tablet=&#8220;20px&#8220; header_4_font_size_phone=&#8220;16px&#8220; locked=&#8220;off&#8220; global_colors_info=&#8220;{}&#8220;]<\/p>\n<h4><span>Tel: 077 461 21 01<\/span><\/h4>\n<p>[\/et_pb_text][\/et_pb_column][\/et_pb_row][\/et_pb_section][et_pb_section fb_built=&#8220;1&#8243; theme_builder_area=&#8220;post_content&#8220; _builder_version=&#8220;4.17.4&#8243; _module_preset=&#8220;default&#8220;][et_pb_row _builder_version=&#8220;4.17.4&#8243; _module_preset=&#8220;default&#8220; theme_builder_area=&#8220;post_content&#8220;][et_pb_column _builder_version=&#8220;4.17.4&#8243; _module_preset=&#8220;default&#8220; type=&#8220;4_4&#8243; theme_builder_area=&#8220;post_content&#8220;][et_pb_code _builder_version=&#8220;4.17.4&#8243; _module_preset=&#8220;default&#8220; theme_builder_area=&#8220;post_content&#8220; hover_enabled=&#8220;0&#8243; sticky_enabled=&#8220;0&#8243;]<\/p>\n<div class=\"wp-block-file\"><object class=\"wp-block-file__embed\" data=\"https:\/\/happy-nobel.194-56-190-89.plesk.page\/wp-content\/uploads\/2024\/12\/Anmeldung-Reitschule-Schuerli-2.pdf\" type=\"application\/pdf\" style=\"width:100%;height:600px\" aria-label=\"Anmeldung-Reitschule-Schuerli\"><\/object><a id=\"wp-block-file--media-19567069-a178-4d22-80af-7027d47bfaba\" href=\"https:\/\/happy-nobel.194-56-190-89.plesk.page\/wp-content\/uploads\/2024\/12\/Anmeldung-Reitschule-Schuerli-2.pdf\">Anmeldung-Reitschule-Schuerli<\/a><a href=\"https:\/\/happy-nobel.194-56-190-89.plesk.page\/wp-content\/uploads\/2024\/12\/Anmeldung-Reitschule-Schuerli-2.pdf\" class=\"wp-block-file__button wp-element-button\" download aria-describedby=\"wp-block-file--media-19567069-a178-4d22-80af-7027d47bfaba\">Herunterladen<\/a><\/div>\n<p>[\/et_pb_code][\/et_pb_column][\/et_pb_row][\/et_pb_section][et_pb_section fb_built=&#8220;1&#8243; admin_label=&#8220;Call to Action&#8220; _builder_version=&#8220;4.21.0&#8243; _module_preset=&#8220;default&#8220; background_color=&#8220;gcid-e787f6e4-87be-4325-83ae-4380ef468485&#8243; locked=&#8220;off&#8220; collapsed=&#8220;on&#8220; global_colors_info=&#8220;{%22gcid-e787f6e4-87be-4325-83ae-4380ef468485%22:%91%22background_color%22%93}&#8220;][et_pb_row _builder_version=&#8220;4.21.0&#8243; _module_preset=&#8220;default&#8220; max_width=&#8220;900px&#8220; global_colors_info=&#8220;{}&#8220;][et_pb_column type=&#8220;4_4&#8243; _builder_version=&#8220;4.21.0&#8243; _module_preset=&#8220;default&#8220; global_colors_info=&#8220;{}&#8220;][et_pb_text _builder_version=&#8220;4.17.4&#8243; _module_preset=&#8220;a1db9d35-1f33-46ac-8225-6469532057a8&#8243; text_orientation=&#8220;center&#8220; locked=&#8220;off&#8220; global_colors_info=&#8220;{}&#8220;]<\/p>\n<h3 style=\"text-align: left;\">Wenn Sie Fragen haben oder weitere Informationen zu unseren Kursen w\u00fcnschen, rufen Sie uns unter <span>077 461 21 01<\/span><\/h3>\n<p>[\/et_pb_text][et_pb_button button_text=&#8220;Contact Us&#8220; button_alignment=&#8220;center&#8220; _builder_version=&#8220;4.21.0&#8243; _module_preset=&#8220;ec7a66f8-f652-4688-b35a-129c20e880aa&#8220; locked=&#8220;off&#8220; global_colors_info=&#8220;{}&#8220;][\/et_pb_button][\/et_pb_column][\/et_pb_row][\/et_pb_section]<\/p>\n","protected":false},"excerpt":{"rendered":"<p>AnmeldungReitschule Sch\u00fcrli\u00dcberblickDie Preise sind je nach Art des Reitunterrichts verschieden. In einer normalen Lektion sollte mit 1 1\/2 Stunden gerechnet werden. Dazu geh\u00f6rt das Pferd bereit machen, zum Reitplatz f\u00fchren, 40 \u2013 45 min. Reitunterricht, Pferd absatteln, f\u00fcttern und versorgen. Reiten im Gel\u00e4nde in der selben Zeit ist kein Preisaufschlag. Bei einem Ausritt muss mit [&hellip;]<\/p>\n","protected":false},"author":1,"featured_media":0,"parent":0,"menu_order":0,"comment_status":"closed","ping_status":"closed","template":"","meta":{"_et_pb_use_builder":"on","_et_pb_old_content":"<!-- wp:file {\"id\":202,\"href\":\"https:\/\/happy-nobel.194-56-190-89.plesk.page\/wp-content\/uploads\/2024\/12\/Anmeldung-Reitschule-Schuerli-1.pdf\",\"displayPreview\":true} -->\n<div class=\"wp-block-file\"><object class=\"wp-block-file__embed\" data=\"https:\/\/happy-nobel.194-56-190-89.plesk.page\/wp-content\/uploads\/2024\/12\/Anmeldung-Reitschule-Schuerli-1.pdf\" type=\"application\/pdf\" style=\"width:100%;height:600px\" aria-label=\"Anmeldung-Reitschule-Schuerli\"><\/object><a id=\"wp-block-file--media-6ac8ebb2-6e8e-4300-b6bd-d4276e10ad67\" href=\"https:\/\/happy-nobel.194-56-190-89.plesk.page\/wp-content\/uploads\/2024\/12\/Anmeldung-Reitschule-Schuerli-1.pdf\">Anmeldung-Reitschule-Schuerli<\/a><a href=\"https:\/\/happy-nobel.194-56-190-89.plesk.page\/wp-content\/uploads\/2024\/12\/Anmeldung-Reitschule-Schuerli-1.pdf\" class=\"wp-block-file__button wp-element-button\" download aria-describedby=\"wp-block-file--media-6ac8ebb2-6e8e-4300-b6bd-d4276e10ad67\">Herunterladen<\/a><\/div>\n<!-- \/wp:file -->","_et_gb_content_width":"","footnotes":""},"class_list":["post-198","page","type-page","status-publish","hentry"],"_links":{"self":[{"href":"https:\/\/happy-nobel.194-56-190-89.plesk.page\/index.php?rest_route=\/wp\/v2\/pages\/198","targetHints":{"allow":["GET"]}}],"collection":[{"href":"https:\/\/happy-nobel.194-56-190-89.plesk.page\/index.php?rest_route=\/wp\/v2\/pages"}],"about":[{"href":"https:\/\/happy-nobel.194-56-190-89.plesk.page\/index.php?rest_route=\/wp\/v2\/types\/page"}],"author":[{"embeddable":true,"href":"https:\/\/happy-nobel.194-56-190-89.plesk.page\/index.php?rest_route=\/wp\/v2\/users\/1"}],"replies":[{"embeddable":true,"href":"https:\/\/happy-nobel.194-56-190-89.plesk.page\/index.php?rest_route=%2Fwp%2Fv2%2Fcomments&post=198"}],"version-history":[{"count":8,"href":"https:\/\/happy-nobel.194-56-190-89.plesk.page\/index.php?rest_route=\/wp\/v2\/pages\/198\/revisions"}],"predecessor-version":[{"id":217,"href":"https:\/\/happy-nobel.194-56-190-89.plesk.page\/index.php?rest_route=\/wp\/v2\/pages\/198\/revisions\/217"}],"wp:attachment":[{"href":"https:\/\/happy-nobel.194-56-190-89.plesk.page\/index.php?rest_route=%2Fwp%2Fv2%2Fmedia&parent=198"}],"curies":[{"name":"wp","href":"https:\/\/api.w.org\/{rel}","templated":true}]}}