{"id":192,"date":"2024-12-29T16:26:45","date_gmt":"2024-12-29T16:26:45","guid":{"rendered":"https:\/\/happy-nobel.194-56-190-89.plesk.page\/?page_id=192"},"modified":"2024-12-29T17:12:45","modified_gmt":"2024-12-29T17:12:45","slug":"192-2","status":"publish","type":"page","link":"https:\/\/happy-nobel.194-56-190-89.plesk.page\/?page_id=192","title":{"rendered":"Lektionen"},"content":{"rendered":"<p>[et_pb_section fb_built=&#8220;1&#8243; admin_label=&#8220;Header&#8220; _builder_version=&#8220;4.21.0&#8243; _module_preset=&#8220;default&#8220; background_enable_color=&#8220;off&#8220; custom_padding=&#8220;||0px||false|false&#8220; locked=&#8220;off&#8220; collapsed=&#8220;on&#8220; global_colors_info=&#8220;{}&#8220;][et_pb_row _builder_version=&#8220;4.21.0&#8243; _module_preset=&#8220;default&#8220; max_width=&#8220;800px&#8220; global_colors_info=&#8220;{}&#8220;][et_pb_column type=&#8220;4_4&#8243; _builder_version=&#8220;4.21.0&#8243; _module_preset=&#8220;default&#8220; global_colors_info=&#8220;{}&#8220;][et_pb_text _builder_version=&#8220;4.21.0&#8243; _module_preset=&#8220;b0541e83-d274-4103-abf4-d95782a3c1bc&#8220; text_orientation=&#8220;center&#8220; locked=&#8220;off&#8220; global_colors_info=&#8220;{}&#8220;]<\/p>\n<h1>Lektionen<\/h1>\n<p>[\/et_pb_text][et_pb_text _builder_version=&#8220;4.17.4&#8243; _module_preset=&#8220;e516e178-7bce-447f-9fec-26633cf92469&#8243; text_orientation=&#8220;center&#8220; custom_margin=&#8220;||30px||false|false&#8220; locked=&#8220;off&#8220; global_colors_info=&#8220;{}&#8220;]<\/p>\n<h4>Jeweils Dienstag und Donnerstags<\/h4>\n<p>[\/et_pb_text][\/et_pb_column][\/et_pb_row][\/et_pb_section][et_pb_section fb_built=&#8220;1&#8243; admin_label=&#8220;Schedule&#8220; _builder_version=&#8220;4.16&#8243; _module_preset=&#8220;default&#8220; locked=&#8220;off&#8220; global_colors_info=&#8220;{}&#8220;][et_pb_row column_structure=&#8220;1_4,1_4,1_4,1_4&#8243; use_custom_gutter=&#8220;on&#8220; gutter_width=&#8220;2&#8243; _builder_version=&#8220;4.16&#8243; _module_preset=&#8220;default&#8220; border_color_all=&#8220;rgba(0,0,0,0.1)&#8220; border_width_bottom=&#8220;1px&#8220; global_colors_info=&#8220;{}&#8220; background__hover_enabled=&#8220;on|hover&#8220; background_color__hover=&#8220;rgba(0,0,0,0.03)&#8220; background_enable_color__hover=&#8220;on&#8220;][et_pb_column type=&#8220;1_4&#8243; _builder_version=&#8220;4.16&#8243; _module_preset=&#8220;default&#8220; global_colors_info=&#8220;{}&#8220;][et_pb_text _builder_version=&#8220;4.17.4&#8243; _module_preset=&#8220;default&#8220; text_orientation=&#8220;center&#8220; global_colors_info=&#8220;{}&#8220;]<\/p>\n<h3><b>Dienstag<\/b><\/h3>\n<p>14:15 &#8211; 15:30<\/p>\n<p>[\/et_pb_text][\/et_pb_column][et_pb_column type=&#8220;1_4&#8243; _builder_version=&#8220;4.16&#8243; _module_preset=&#8220;default&#8220; global_colors_info=&#8220;{}&#8220;][et_pb_text _builder_version=&#8220;4.17.4&#8243; _module_preset=&#8220;default&#8220; text_orientation=&#8220;center&#8220; locked=&#8220;off&#8220; global_colors_info=&#8220;{}&#8220;]<\/p>\n<h3><span>Reitunterricht Dienstag<\/span><\/h3>\n<p>noch 1 freier Platz<\/p>\n<p><strong>Alle Stufen<\/strong><br \/><span>Egal ob Einzelstunde Kind, Jugendliche oder Erwachsene oder Gruppenstunde von Kinder<\/span><\/p>\n<p>[\/et_pb_text][\/et_pb_column][et_pb_column type=&#8220;1_4&#8243; _builder_version=&#8220;4.16&#8243; _module_preset=&#8220;default&#8220; global_colors_info=&#8220;{}&#8220;][et_pb_blurb title=&#8220;Alexandra Kurtz&#8220; image=&#8220;https:\/\/happy-nobel.194-56-190-89.plesk.page\/wp-content\/uploads\/2024\/12\/Bild_2024-12-20_200603570.png&#8220; icon_placement=&#8220;left&#8220; _builder_version=&#8220;4.17.4&#8243; _module_preset=&#8220;default&#8220; header_font=&#8220;|700|||||||&#8220; header_font_size=&#8220;12px&#8220; header_line_height=&#8220;1.2em&#8220; body_font=&#8220;|600|||||||&#8220; body_font_size=&#8220;12px&#8220; body_link_text_color=&#8220;RGBA(0,0,0,0.3)&#8220; custom_padding=&#8220;12px|12px|10px|12px|false|true&#8220; body_link_text_color_last_edited=&#8220;off|desktop&#8220; custom_css_blurb_title=&#8220;padding-bottom: 0;&#8220; border_width_all=&#8220;1px&#8220; border_color_all=&#8220;rgba(151,151,151,0.2)&#8220; border_radii_image=&#8220;on|100px|100px|100px|100px&#8220; locked=&#8220;off&#8220; global_colors_info=&#8220;{}&#8220; body_link_text_color__hover_enabled=&#8220;on|desktop&#8220; body_link_text_color__hover=&#8220;#B676E8&#8243;]<\/p>\n<p><span>Trainer C SFRV<\/span><\/p>\n<p>[\/et_pb_blurb][\/et_pb_column][et_pb_column type=&#8220;1_4&#8243; _builder_version=&#8220;4.16&#8243; _module_preset=&#8220;default&#8220; global_colors_info=&#8220;{}&#8220;][et_pb_button button_url=&#8220;https:\/\/www.paypal.com\/ncp\/payment\/H3FS2SX644JEU&#8220; button_text=&#8220;Anmelden&#8220; _builder_version=&#8220;4.17.4&#8243; _module_preset=&#8220;default&#8220; custom_button=&#8220;on&#8220; button_text_size=&#8220;18px&#8220; button_text_color=&#8220;#ffffff&#8220; button_bg_color=&#8220;#333333&#8243; button_border_color=&#8220;rgba(0,0,0,0)&#8220; button_border_radius=&#8220;3px&#8220; button_font=&#8220;Anton||||||||&#8220; button_use_icon=&#8220;off&#8220; background_layout=&#8220;dark&#8220; custom_margin=&#8220;-1px|||||&#8220; custom_padding=&#8220;12px|24px|12px|24px|true|true&#8220; locked=&#8220;off&#8220; global_colors_info=&#8220;{}&#8220; button_bg_color__hover=&#8220;#1f5775&#8243; button_bg_color__hover_enabled=&#8220;on|desktop&#8220; button_bg_enable_color__hover=&#8220;on&#8220;][\/et_pb_button][\/et_pb_column][\/et_pb_row][et_pb_row column_structure=&#8220;1_4,1_4,1_4,1_4&#8243; use_custom_gutter=&#8220;on&#8220; gutter_width=&#8220;2&#8243; _builder_version=&#8220;4.16&#8243; _module_preset=&#8220;default&#8220; link_option_url=&#8220;#&#8220; border_color_all=&#8220;rgba(0,0,0,0.1)&#8220; border_width_bottom=&#8220;1px&#8220; global_colors_info=&#8220;{}&#8220; background_color__hover=&#8220;rgba(0,0,0,0.03)&#8220; background__hover_enabled=&#8220;on|desktop&#8220; background_enable_color__hover=&#8220;on&#8220;][et_pb_column type=&#8220;1_4&#8243; _builder_version=&#8220;4.16&#8243; _module_preset=&#8220;default&#8220; global_colors_info=&#8220;{}&#8220;][et_pb_text _builder_version=&#8220;4.17.4&#8243; _module_preset=&#8220;default&#8220; text_orientation=&#8220;center&#8220; global_colors_info=&#8220;{}&#8220;]<\/p>\n<h3><b>Donnerstag<\/b><\/h3>\n<p>13:15 &#8211; 15:30<\/p>\n<p>[\/et_pb_text][\/et_pb_column][et_pb_column type=&#8220;1_4&#8243; _builder_version=&#8220;4.16&#8243; _module_preset=&#8220;default&#8220; global_colors_info=&#8220;{}&#8220;][et_pb_text _builder_version=&#8220;4.17.4&#8243; _module_preset=&#8220;default&#8220; text_orientation=&#8220;center&#8220; locked=&#8220;off&#8220; global_colors_info=&#8220;{}&#8220;]<\/p>\n<h3>Reitunterricht Donnerstag<\/h3>\n<p>noch 2 Lektionen m\u00f6glich<\/p>\n<p>[\/et_pb_text][\/et_pb_column][et_pb_column type=&#8220;1_4&#8243; _builder_version=&#8220;4.16&#8243; _module_preset=&#8220;default&#8220; global_colors_info=&#8220;{}&#8220;][et_pb_blurb title=&#8220;Alexandra Kurtz&#8220; image=&#8220;https:\/\/happy-nobel.194-56-190-89.plesk.page\/wp-content\/uploads\/2024\/12\/Bild_2024-12-20_200603570.png&#8220; icon_placement=&#8220;left&#8220; _builder_version=&#8220;4.17.4&#8243; _module_preset=&#8220;default&#8220; header_font=&#8220;|700|||||||&#8220; header_font_size=&#8220;12px&#8220; header_line_height=&#8220;1.2em&#8220; body_font=&#8220;|600|||||||&#8220; body_font_size=&#8220;12px&#8220; body_link_text_color=&#8220;RGBA(0,0,0,0.3)&#8220; custom_padding=&#8220;12px|12px|10px|12px|false|true&#8220; body_link_text_color_last_edited=&#8220;off|desktop&#8220; custom_css_blurb_title=&#8220;padding-bottom: 0;&#8220; border_width_all=&#8220;1px&#8220; border_color_all=&#8220;rgba(151,151,151,0.2)&#8220; border_radii_image=&#8220;on|100px|100px|100px|100px&#8220; locked=&#8220;off&#8220; global_colors_info=&#8220;{}&#8220; body_link_text_color__hover_enabled=&#8220;on|desktop&#8220; body_link_text_color__hover=&#8220;#B676E8&#8243;]<\/p>\n<p><span>Trainer C SFRV<\/span><\/p>\n<p>[\/et_pb_blurb][\/et_pb_column][et_pb_column type=&#8220;1_4&#8243; _builder_version=&#8220;4.16&#8243; _module_preset=&#8220;default&#8220; global_colors_info=&#8220;{}&#8220;][et_pb_button button_url=&#8220;https:\/\/www.paypal.com\/ncp\/payment\/H3FS2SX644JEU&#8220; button_text=&#8220;Anmelden&#8220; _builder_version=&#8220;4.17.4&#8243; _module_preset=&#8220;default&#8220; custom_button=&#8220;on&#8220; button_text_size=&#8220;18px&#8220; button_text_color=&#8220;#ffffff&#8220; button_bg_color=&#8220;#333333&#8243; button_border_color=&#8220;rgba(0,0,0,0)&#8220; button_border_radius=&#8220;3px&#8220; button_font=&#8220;Anton||||||||&#8220; button_use_icon=&#8220;off&#8220; background_layout=&#8220;dark&#8220; custom_margin=&#8220;-1px|||||&#8220; custom_padding=&#8220;12px|24px|12px|24px|true|true&#8220; locked=&#8220;off&#8220; global_colors_info=&#8220;{}&#8220; button_bg_color__hover=&#8220;#1f5775&#8243; button_bg_color__hover_enabled=&#8220;on|desktop&#8220; button_bg_enable_color__hover=&#8220;on&#8220;][\/et_pb_button][\/et_pb_column][\/et_pb_row][et_pb_row use_custom_gutter=&#8220;on&#8220; gutter_width=&#8220;2&#8243; _builder_version=&#8220;4.16&#8243; _module_preset=&#8220;default&#8220; link_option_url=&#8220;#&#8220; border_color_all=&#8220;rgba(0,0,0,0.1)&#8220; border_width_bottom=&#8220;1px&#8220; global_colors_info=&#8220;{}&#8220; background_color__hover=&#8220;rgba(0,0,0,0.03)&#8220; background__hover_enabled=&#8220;on|hover&#8220; background_enable_color__hover=&#8220;on&#8220;][et_pb_column type=&#8220;4_4&#8243; _builder_version=&#8220;4.16&#8243; _module_preset=&#8220;default&#8220; global_colors_info=&#8220;{}&#8220;][et_pb_text _builder_version=&#8220;4.17.4&#8243; _module_preset=&#8220;bf3a7831-62de-4011-a420-780e558312c0&#8243; locked=&#8220;off&#8220; global_colors_info=&#8220;{}&#8220;]<\/p>\n<p><strong>Es sind<\/strong><span>\u00a0<\/span><strong>unsere letzten freien Pl\u00e4tze f\u00fcr das Jahr 2025. <br \/>Bitte meldet euch unter 077 461 21 01 an. <br \/>Wir freuen uns auf euch! Das Reitschule-Sch\u00fcrli Team.<\/strong><\/p>\n<p>[\/et_pb_text][\/et_pb_column][\/et_pb_row][\/et_pb_section][et_pb_section fb_built=&#8220;1&#8243; theme_builder_area=&#8220;post_content&#8220; _builder_version=&#8220;4.17.4&#8243; _module_preset=&#8220;default&#8220;][et_pb_row _builder_version=&#8220;4.17.4&#8243; _module_preset=&#8220;default&#8220; theme_builder_area=&#8220;post_content&#8220;][et_pb_column _builder_version=&#8220;4.17.4&#8243; _module_preset=&#8220;default&#8220; type=&#8220;4_4&#8243; theme_builder_area=&#8220;post_content&#8220;][et_pb_text _builder_version=&#8220;4.17.4&#8243; _module_preset=&#8220;5598524b-2074-468a-b660-7c56b72f97bf&#8220; text_orientation=&#8220;center&#8220; locked=&#8220;off&#8220; global_colors_info=&#8220;{}&#8220; theme_builder_area=&#8220;post_content&#8220;]<\/p>\n<h3 style=\"text-align: left;\">Informationen 2024<\/h3>\n<p>[\/et_pb_text][et_pb_text _builder_version=&#8220;4.17.4&#8243; _module_preset=&#8220;bf3a7831-62de-4011-a420-780e558312c0&#8243; hover_enabled=&#8220;0&#8243; locked=&#8220;off&#8220; global_colors_info=&#8220;{}&#8220; theme_builder_area=&#8220;post_content&#8220; sticky_enabled=&#8220;0&#8243;]<\/p>\n<p>Liebe Reitsch\u00fcler*innen, liebe Eltern, liebe Erwachsene<\/p>\n<p>Mit diesem Schreiben erlangt ihr einen \u00dcberblick \u00fcber das neue Konzept der Reitschule Sch\u00fcrli. Auch k\u00f6nnt dir die neusten News lesen. BiEe lest alle InformaHonen, denn sie betreffen die jeweiligen Tage bzw. die verschiedenen Personen.<\/p>\n<p>Zuerst gratuliere ich herzlich den vier muHgen Jugendlichen, die im Dezember die ersten Pr\u00fcfungen der Stufe 3 abgelegt haben. Sie haben alle mit Bestnoten bestanden und ein Diplom und eine PlakeEe erhalten. Herzliche GratulaHon an Katja, Noelia, Lilja und Federico.<\/p>\n<p><strong>Anlass: 06. Juli 2024: Eingeladen sind alle Reitsch\u00fcler*innen mit Familie oder Anhang. An<\/strong><br \/><strong>diesem Tag finden die Pr\u00fcfungen staB und es gibt eine kleine Show. Danach folgt ein<\/strong><br \/><strong>gem\u00fctliches Beisammensein. Die genauen InformaJonen folgen noch.<\/strong><\/p>\n<p>Erneuerungen:<br \/>Bezahlung: <br \/>Ab diesem Semester gibt es nur noch 10er Abos. Diese k\u00f6nnt ihr anfangs Semester<br \/>l\u00f6sen und dann noHere ich mir jedes Datum der Reitstunden. Die Personen, welche Gutscheine<br \/>haben, k\u00f6nnen sie am 10er Abo abziehen. Erwachsene d\u00fcrfen mir den Betrag direkt nach jeder<br \/>Stunde \u00fcberweisen.<\/p>\n<p>Anmeldung\/Daten: <br \/>Die Kinder, Jugendliche von Montag, Dienstag und Freitag haben entweder<br \/>jede Woche oder bekommen die genauen Daten kommuniziert. Die Kinder, Jugendliche von<br \/>der MiEwochsgruppe m\u00fcssen sich jeweils bis sp\u00e4testens 48 Stunden vorher abmelden oder<br \/>die Daten von Ferien bis Ferien mir kommuniziert haben. Die Erwachsenen machen jeweils<br \/>weiterhin die Termine mit mir Woche f\u00fcr Woche ab.<\/p>\n<p>[\/et_pb_text][\/et_pb_column][\/et_pb_row][\/et_pb_section][et_pb_section fb_built=&#8220;1&#8243; theme_builder_area=&#8220;post_content&#8220; _builder_version=&#8220;4.17.4&#8243; _module_preset=&#8220;default&#8220;][et_pb_row _builder_version=&#8220;4.17.4&#8243; _module_preset=&#8220;default&#8220; theme_builder_area=&#8220;post_content&#8220;][et_pb_column _builder_version=&#8220;4.17.4&#8243; _module_preset=&#8220;default&#8220; type=&#8220;4_4&#8243; theme_builder_area=&#8220;post_content&#8220;][et_pb_text _builder_version=&#8220;4.17.4&#8243; _module_preset=&#8220;5598524b-2074-468a-b660-7c56b72f97bf&#8220; text_orientation=&#8220;center&#8220; hover_enabled=&#8220;0&#8243; locked=&#8220;off&#8220; global_colors_info=&#8220;{}&#8220; theme_builder_area=&#8220;post_content&#8220; sticky_enabled=&#8220;0&#8243;]<\/p>\n<h3 style=\"text-align: left;\">Ferien und Ausf\u00e4lle Reitschule Sch\u00fcrli 2024<\/h3>\n<p>[\/et_pb_text][et_pb_text _builder_version=&#8220;4.17.4&#8243; _module_preset=&#8220;bf3a7831-62de-4011-a420-780e558312c0&#8243; hover_enabled=&#8220;0&#8243; locked=&#8220;off&#8220; global_colors_info=&#8220;{}&#8220; theme_builder_area=&#8220;post_content&#8220; sticky_enabled=&#8220;0&#8243;]<\/p>\n<p>Erstes Semester Januar bis Juli<\/p>\n<table border=\"1\" style=\"border-collapse: collapse; width: 100%; height: 241px;\">\n<tbody>\n<tr style=\"height: 24px;\">\n<td style=\"width: 21.4993%; height: 24px;\"><strong>Reitschulbeginn: <\/strong><\/td>\n<td style=\"width: 78.5007%; height: 24px;\">08. Januar 2024<\/td>\n<\/tr>\n<tr style=\"height: 24px;\">\n<td style=\"width: 21.4993%; height: 24px;\"><strong>Ausfall Februar:<\/strong><\/td>\n<td style=\"width: 78.5007%; height: 24px;\">Dienstag, 06. Februar 2024<\/td>\n<\/tr>\n<tr style=\"height: 24px;\">\n<td style=\"width: 21.4993%; height: 24px;\"><strong>Sportferien:<\/strong><\/td>\n<td style=\"width: 78.5007%; height: 24px;\">12. Februar 2024 bis 25. Februar 2024<\/td>\n<\/tr>\n<tr style=\"height: 24px;\">\n<td style=\"width: 21.4993%; height: 24px;\"><strong>Reitschulbeginn:<\/strong><\/td>\n<td style=\"width: 78.5007%; height: 24px;\">26. Februar 2024<\/td>\n<\/tr>\n<tr style=\"height: 24px;\">\n<td style=\"width: 21.4993%; height: 24px; text-align: left;\"><strong>Ausfall M\u00e4rz:<\/strong><\/td>\n<td style=\"width: 78.5007%; height: 24px;\">\n<p>Samstag 09. M\u00e4rz 2024<\/p>\n<p>Montag bis Donnerstag, 18. M\u00e4rz bis 21. M\u00e4rz 2024<\/p>\n<p>Karrfreitag 29. M\u00e4rz 2024<\/p>\n<p>Osterwochenende 30. M\u00e4rz 2024 bis Pfingstmontag 01. April 2024<\/p>\n<\/td>\n<\/tr>\n<tr style=\"height: 25px;\">\n<td style=\"width: 21.4993%; height: 25px;\"><strong>Fr\u00fchlingsferien:<\/strong><\/td>\n<td style=\"width: 78.5007%; height: 25px;\">Montag 22. April 2024 bis 12. Mai (3 Wochen)<\/td>\n<\/tr>\n<tr style=\"height: 24px;\">\n<td style=\"width: 21.4993%; height: 24px;\"><strong>Reitschulbeginn:<\/strong><\/td>\n<td style=\"width: 78.5007%; height: 24px;\">13. Mai 2024<\/td>\n<\/tr>\n<tr style=\"height: 24px;\">\n<td style=\"width: 21.4993%; height: 24px;\"><strong>Ausfall Juni:<\/strong><\/td>\n<td style=\"width: 78.5007%; height: 24px;\">Montag 10. Juni 2024 bis Donnerstag 13. Juni 2024<\/td>\n<\/tr>\n<tr style=\"height: 24px;\">\n<td style=\"width: 21.4993%; height: 24px;\"><strong>Sommerferien:<\/strong><\/td>\n<td style=\"width: 78.5007%; height: 24px;\">15. Juli 2024 bis 18. August 2024<\/td>\n<\/tr>\n<tr style=\"height: 24px;\">\n<td style=\"width: 21.4993%; height: 24px;\"><strong>Reitschulbeginn:<\/strong><\/td>\n<td style=\"width: 78.5007%; height: 24px;\">19. August 2024<\/td>\n<\/tr>\n<\/tbody>\n<\/table>\n<p><strong>Anl\u00e4sse:<\/strong><\/p>\n<table border=\"1\" style=\"border-collapse: collapse; width: 100%;\">\n<tbody>\n<tr>\n<td style=\"width: 21.7472%;\"><strong>Pr\u00fcfungstag\/Fest:<\/strong><\/td>\n<td style=\"width: 78.2528%;\">06. Juli 2024 (Zeit wird noch kommuniziert)<\/td>\n<\/tr>\n<\/tbody>\n<\/table>\n<p>Die Anl\u00e4sse werden auf der Homepage kommuniziert. F\u00fcr die Pr\u00fcfungen der Stufe 3, welche<br \/>im Sommer abgelegt werden, gibt es ein Pr\u00fcfungstag mit anschliessendem Fest.<\/p>\n<p>[\/et_pb_text][\/et_pb_column][\/et_pb_row][\/et_pb_section][et_pb_section fb_built=&#8220;1&#8243; admin_label=&#8220;Call to Action&#8220; _builder_version=&#8220;4.21.0&#8243; _module_preset=&#8220;default&#8220; background_color=&#8220;gcid-e787f6e4-87be-4325-83ae-4380ef468485&#8243; locked=&#8220;off&#8220; collapsed=&#8220;on&#8220; global_colors_info=&#8220;{%22gcid-e787f6e4-87be-4325-83ae-4380ef468485%22:%91%22background_color%22%93}&#8220;][et_pb_row _builder_version=&#8220;4.21.0&#8243; _module_preset=&#8220;default&#8220; max_width=&#8220;900px&#8220; global_colors_info=&#8220;{}&#8220;][et_pb_column type=&#8220;4_4&#8243; _builder_version=&#8220;4.21.0&#8243; _module_preset=&#8220;default&#8220; global_colors_info=&#8220;{}&#8220;][et_pb_text _builder_version=&#8220;4.17.4&#8243; _module_preset=&#8220;5598524b-2074-468a-b660-7c56b72f97bf&#8220; text_orientation=&#8220;center&#8220; locked=&#8220;off&#8220; global_colors_info=&#8220;{}&#8220;]<\/p>\n<h3 style=\"text-align: left;\">Wenn Sie Fragen haben oder weitere Informationen zu unseren Kursen w\u00fcnschen, rufen Sie uns unter <span>077 461 21 01<\/span><\/h3>\n<p>[\/et_pb_text][et_pb_button button_text=&#8220;Contact Us&#8220; button_alignment=&#8220;center&#8220; _builder_version=&#8220;4.21.0&#8243; _module_preset=&#8220;edacc5d0-78dd-4223-a2ee-23a37ef23a99&#8243; locked=&#8220;off&#8220; global_colors_info=&#8220;{}&#8220;][\/et_pb_button][\/et_pb_column][\/et_pb_row][\/et_pb_section]<\/p>\n","protected":false},"excerpt":{"rendered":"<p>LektionenJeweils Dienstag und DonnerstagsDienstag 14:15 &#8211; 15:30Reitunterricht Dienstag noch 1 freier Platz Alle StufenEgal ob Einzelstunde Kind, Jugendliche oder Erwachsene oder Gruppenstunde von KinderTrainer C SFRVDonnerstag 13:15 &#8211; 15:30Reitunterricht Donnerstag noch 2 Lektionen m\u00f6glichTrainer C SFRVEs sind\u00a0unsere letzten freien Pl\u00e4tze f\u00fcr das Jahr 2025. Bitte meldet euch unter 077 461 21 01 an. Wir freuen [&hellip;]<\/p>\n","protected":false},"author":1,"featured_media":0,"parent":0,"menu_order":0,"comment_status":"closed","ping_status":"closed","template":"","meta":{"_et_pb_use_builder":"on","_et_pb_old_content":"","_et_gb_content_width":"","footnotes":""},"class_list":["post-192","page","type-page","status-publish","hentry"],"_links":{"self":[{"href":"https:\/\/happy-nobel.194-56-190-89.plesk.page\/index.php?rest_route=\/wp\/v2\/pages\/192","targetHints":{"allow":["GET"]}}],"collection":[{"href":"https:\/\/happy-nobel.194-56-190-89.plesk.page\/index.php?rest_route=\/wp\/v2\/pages"}],"about":[{"href":"https:\/\/happy-nobel.194-56-190-89.plesk.page\/index.php?rest_route=\/wp\/v2\/types\/page"}],"author":[{"embeddable":true,"href":"https:\/\/happy-nobel.194-56-190-89.plesk.page\/index.php?rest_route=\/wp\/v2\/users\/1"}],"replies":[{"embeddable":true,"href":"https:\/\/happy-nobel.194-56-190-89.plesk.page\/index.php?rest_route=%2Fwp%2Fv2%2Fcomments&post=192"}],"version-history":[{"count":6,"href":"https:\/\/happy-nobel.194-56-190-89.plesk.page\/index.php?rest_route=\/wp\/v2\/pages\/192\/revisions"}],"predecessor-version":[{"id":230,"href":"https:\/\/happy-nobel.194-56-190-89.plesk.page\/index.php?rest_route=\/wp\/v2\/pages\/192\/revisions\/230"}],"wp:attachment":[{"href":"https:\/\/happy-nobel.194-56-190-89.plesk.page\/index.php?rest_route=%2Fwp%2Fv2%2Fmedia&parent=192"}],"curies":[{"name":"wp","href":"https:\/\/api.w.org\/{rel}","templated":true}]}}